{"id":14,"date":"2025-05-26T10:15:26","date_gmt":"2025-05-26T08:15:26","guid":{"rendered":"https:\/\/henrigar.com\/?page_id=14"},"modified":"2025-06-06T09:56:58","modified_gmt":"2025-06-06T07:56:58","slug":"sobre-nosotros","status":"publish","type":"page","link":"https:\/\/henrigar.com\/en\/sobre-nosotros\/","title":{"rendered":"Sobre nosotros"},"content":{"rendered":"<div data-elementor-type=\"wp-page\" data-elementor-id=\"14\" class=\"elementor elementor-14\" data-elementor-post-type=\"page\">\n\t\t\t\t<div class=\"elementor-element elementor-element-3909c146 e-flex e-con-boxed e-con e-parent\" data-id=\"3909c146\" data-element_type=\"container\" data-settings=\"{&quot;background_background&quot;:&quot;classic&quot;}\">\n\t\t\t\t\t<div class=\"e-con-inner\">\n\t\t\t\t<div class=\"elementor-element elementor-element-5d01f273 elementor-widget elementor-widget-heading\" data-id=\"5d01f273\" data-element_type=\"widget\" data-widget_type=\"heading.default\">\n\t\t\t\t<div class=\"elementor-widget-container\">\n\t\t\t\t\t<h1 class=\"elementor-heading-title elementor-size-default\">Nuestra historia<\/h1>\t\t\t\t<\/div>\n\t\t\t\t<\/div>\n\t\t\t\t\t<\/div>\n\t\t\t\t<\/div>\n\t\t<div class=\"elementor-element elementor-element-1a793e2 e-flex e-con-boxed e-con e-parent\" data-id=\"1a793e2\" data-element_type=\"container\">\n\t\t\t\t\t<div class=\"e-con-inner\">\n\t\t<div class=\"elementor-element elementor-element-ab7d3ad e-con-full e-flex e-con e-child\" data-id=\"ab7d3ad\" data-element_type=\"container\">\n\t\t<div class=\"elementor-element elementor-element-ac7cd83 e-con-full e-flex e-con e-child\" data-id=\"ac7cd83\" data-element_type=\"container\" data-settings=\"{&quot;background_background&quot;:&quot;classic&quot;}\">\n\t\t\t\t<div class=\"elementor-element elementor-element-58187ab elementor-widget elementor-widget-spacer\" data-id=\"58187ab\" data-element_type=\"widget\" data-widget_type=\"spacer.default\">\n\t\t\t\t<div class=\"elementor-widget-container\">\n\t\t\t\t\t\t\t<div class=\"elementor-spacer\">\n\t\t\t<div class=\"elementor-spacer-inner\"><\/div>\n\t\t<\/div>\n\t\t\t\t\t\t<\/div>\n\t\t\t\t<\/div>\n\t\t\t\t<\/div>\n\t\t\t\t<\/div>\n\t\t<div class=\"elementor-element elementor-element-d795a04 e-con-full e-flex e-con e-child\" data-id=\"d795a04\" data-element_type=\"container\">\n\t\t\t\t<div class=\"elementor-element elementor-element-ff5df9e elementor-widget elementor-widget-heading\" data-id=\"ff5df9e\" data-element_type=\"widget\" data-widget_type=\"heading.default\">\n\t\t\t\t<div class=\"elementor-widget-container\">\n\t\t\t\t\t<h2 class=\"elementor-heading-title elementor-size-default\">Tres generaciones, una misma pasi\u00f3n: la joyer\u00eda.\n<\/h2>\t\t\t\t<\/div>\n\t\t\t\t<\/div>\n\t\t\t\t<div class=\"elementor-element elementor-element-6334068 elementor-widget elementor-widget-text-editor\" data-id=\"6334068\" data-element_type=\"widget\" data-widget_type=\"text-editor.default\">\n\t\t\t\t<div class=\"elementor-widget-container\">\n\t\t\t\t\t\t\t\t\t<p>Desde 1966, HenriGar Joyeros ha sido sin\u00f3nimo de oficio, dedicaci\u00f3n y evoluci\u00f3n. Casi 60 a\u00f1os despu\u00e9s, seguimos transformando metales, piedras e ideas en joyas con alma.<\/p><p>Hoy, nuestro taller combina lo mejor de dos mundos: la precisi\u00f3n de la artesan\u00eda tradicional y las posibilidades infinitas de las nuevas tecnolog\u00edas.<br \/>Dise\u00f1o 3D, impresi\u00f3n de prototipos y modelado digital conviven con el trabajo a mano, la experiencia y el detalle que solo da el tiempo.<\/p><p>Tambi\u00e9n contamos con un completo laboratorio gemol\u00f3gico, donde cada gema es analizada, identificada y clasificada para garantizar la excelencia en cada creaci\u00f3n.<\/p><p>Con esta visi\u00f3n renovada, HenriGar Joyeros da un paso m\u00e1s: ofrecer servicios especializados a profesionales del sector.<br \/>Fabricaci\u00f3n de piezas, composturas, restauraci\u00f3n, dise\u00f1o y prototipado en cera. Todo lo que necesitas para hacer crecer tu marca con confianza y calidad.<\/p><p>\u00bfEres profesional del sector?<br \/>Contacta con nosotros. Te ayudamos a llevar tus ideas al siguiente nivel.<\/p>\t\t\t\t\t\t\t\t<\/div>\n\t\t\t\t<\/div>\n\t\t\t\t<\/div>\n\t\t\t\t\t<\/div>\n\t\t\t\t<\/div>\n\t\t<div class=\"elementor-element elementor-element-16706519 e-flex e-con-boxed e-con e-parent\" data-id=\"16706519\" data-element_type=\"container\">\n\t\t\t\t\t<div class=\"e-con-inner\">\n\t\t<div class=\"elementor-element elementor-element-5a32a8dc e-flex e-con-boxed e-con e-child\" data-id=\"5a32a8dc\" data-element_type=\"container\" data-settings=\"{&quot;background_background&quot;:&quot;classic&quot;}\">\n\t\t\t\t\t<div class=\"e-con-inner\">\n\t\t<div class=\"elementor-element elementor-element-14438530 e-con-full e-flex e-con e-child\" data-id=\"14438530\" data-element_type=\"container\">\n\t\t<div class=\"elementor-element elementor-element-718c3a1f e-con-full e-flex e-con e-child\" data-id=\"718c3a1f\" data-element_type=\"container\" data-settings=\"{&quot;background_background&quot;:&quot;classic&quot;}\">\n\t\t\t\t<div class=\"elementor-element elementor-element-43db8154 elementor-widget elementor-widget-jkit_fun_fact\" data-id=\"43db8154\" data-element_type=\"widget\" data-widget_type=\"jkit_fun_fact.default\">\n\t\t\t\t<div class=\"elementor-widget-container\">\n\t\t\t\t\t<div  class=\"jeg-elementor-kit jkit-fun-fact align-center hover-from-left elementor-animation- jeg_module___69e393d3eaf0e\" ><div class=\"fun-fact-inner\">\n            <div class=\"content\">\n                <div class=\"number-wrapper\"><span class=\"prefix\"><\/span>\n        <span class=\"number\" data-value=\"55\" data-animation-duration=\"3500\">0<\/span>\n        <span class=\"suffix\"><\/span><sup class=\"super\">+<\/sup><\/div>\n                <h2 class=\"title\">A\u00f1os de experiencia<\/h2>\n            <\/div>\n        <\/div><\/div>\t\t\t\t<\/div>\n\t\t\t\t<\/div>\n\t\t\t\t<\/div>\n\t\t<div class=\"elementor-element elementor-element-171f278e e-con-full e-flex e-con e-child\" data-id=\"171f278e\" data-element_type=\"container\" data-settings=\"{&quot;background_background&quot;:&quot;classic&quot;}\">\n\t\t\t\t<div class=\"elementor-element elementor-element-b2ea50b elementor-widget elementor-widget-jkit_fun_fact\" data-id=\"b2ea50b\" data-element_type=\"widget\" data-widget_type=\"jkit_fun_fact.default\">\n\t\t\t\t<div class=\"elementor-widget-container\">\n\t\t\t\t\t<div  class=\"jeg-elementor-kit jkit-fun-fact align-center hover-from-left elementor-animation- jeg_module__1_69e393d3eb248\" ><div class=\"fun-fact-inner\">\n            <div class=\"content\">\n                <div class=\"number-wrapper\"><span class=\"prefix\"><\/span>\n        <span class=\"number\" data-value=\"3\" data-animation-duration=\"3500\">0<\/span>\n        <span class=\"suffix\"><\/span><sup class=\"super\"><\/sup><\/div>\n                <h2 class=\"title\">Generaciones <\/h2>\n            <\/div>\n        <\/div><\/div>\t\t\t\t<\/div>\n\t\t\t\t<\/div>\n\t\t\t\t<\/div>\n\t\t\t\t<\/div>\n\t\t<div class=\"elementor-element elementor-element-4f0cb2fb e-con-full e-flex e-con e-child\" data-id=\"4f0cb2fb\" data-element_type=\"container\">\n\t\t<div class=\"elementor-element elementor-element-1754755a e-con-full e-flex e-con e-child\" data-id=\"1754755a\" data-element_type=\"container\" data-settings=\"{&quot;background_background&quot;:&quot;classic&quot;}\">\n\t\t\t\t<div class=\"elementor-element elementor-element-43f9b475 elementor-widget elementor-widget-jkit_fun_fact\" data-id=\"43f9b475\" data-element_type=\"widget\" data-widget_type=\"jkit_fun_fact.default\">\n\t\t\t\t<div class=\"elementor-widget-container\">\n\t\t\t\t\t<div  class=\"jeg-elementor-kit jkit-fun-fact align-center hover-from-left elementor-animation- jeg_module__2_69e393d3eb516\" ><div class=\"fun-fact-inner\">\n            <div class=\"content\">\n                <div class=\"number-wrapper\"><span class=\"prefix\"><\/span>\n        <span class=\"number\" data-value=\"999\" data-animation-duration=\"3500\">0<\/span>\n        <span class=\"suffix\"><\/span><sup class=\"super\">+<\/sup><\/div>\n                <h2 class=\"title\">Piezas entregadas<\/h2>\n            <\/div>\n        <\/div><\/div>\t\t\t\t<\/div>\n\t\t\t\t<\/div>\n\t\t\t\t<\/div>\n\t\t<div class=\"elementor-element elementor-element-44f63016 e-con-full e-flex e-con e-child\" data-id=\"44f63016\" data-element_type=\"container\" data-settings=\"{&quot;background_background&quot;:&quot;classic&quot;}\">\n\t\t\t\t<div class=\"elementor-element elementor-element-7a38ba80 elementor-widget elementor-widget-jkit_fun_fact\" data-id=\"7a38ba80\" data-element_type=\"widget\" data-widget_type=\"jkit_fun_fact.default\">\n\t\t\t\t<div class=\"elementor-widget-container\">\n\t\t\t\t\t<div  class=\"jeg-elementor-kit jkit-fun-fact align-center hover-from-left elementor-animation- jeg_module__3_69e393d3eb7ba\" ><div class=\"fun-fact-inner\">\n            <div class=\"content\">\n                <div class=\"number-wrapper\"><span class=\"prefix\"><\/span>\n        <span class=\"number\" data-value=\"100\" data-animation-duration=\"3500\">0<\/span>\n        <span class=\"suffix\"><\/span><sup class=\"super\">%<\/sup><\/div>\n                <h2 class=\"title\">Pasi\u00f3n por nuestro oficio<\/h2>\n            <\/div>\n        <\/div><\/div>\t\t\t\t<\/div>\n\t\t\t\t<\/div>\n\t\t\t\t<\/div>\n\t\t\t\t<\/div>\n\t\t\t\t\t<\/div>\n\t\t\t\t<\/div>\n\t\t\t\t\t<\/div>\n\t\t\t\t<\/div>\n\t\t\t\t<\/div>","protected":false},"excerpt":{"rendered":"<p>Nuestra historia Tres generaciones, una misma pasi\u00f3n: la joyer\u00eda. Desde 1966, HenriGar Joyeros ha sido sin\u00f3nimo de oficio, dedicaci\u00f3n y evoluci\u00f3n. Casi 60 a\u00f1os despu\u00e9s, seguimos transformando metales, piedras e ideas en joyas con alma. Hoy, nuestro taller combina lo mejor de dos mundos: la precisi\u00f3n de la artesan\u00eda tradicional y las posibilidades infinitas de [&hellip;]<\/p>","protected":false},"author":1,"featured_media":0,"parent":0,"menu_order":0,"comment_status":"closed","ping_status":"closed","template":"","meta":{"footnotes":""},"class_list":["post-14","page","type-page","status-publish","hentry"],"_links":{"self":[{"href":"https:\/\/henrigar.com\/en\/wp-json\/wp\/v2\/pages\/14","targetHints":{"allow":["GET"]}}],"collection":[{"href":"https:\/\/henrigar.com\/en\/wp-json\/wp\/v2\/pages"}],"about":[{"href":"https:\/\/henrigar.com\/en\/wp-json\/wp\/v2\/types\/page"}],"author":[{"embeddable":true,"href":"https:\/\/henrigar.com\/en\/wp-json\/wp\/v2\/users\/1"}],"replies":[{"embeddable":true,"href":"https:\/\/henrigar.com\/en\/wp-json\/wp\/v2\/comments?post=14"}],"version-history":[{"count":0,"href":"https:\/\/henrigar.com\/en\/wp-json\/wp\/v2\/pages\/14\/revisions"}],"wp:attachment":[{"href":"https:\/\/henrigar.com\/en\/wp-json\/wp\/v2\/media?parent=14"}],"curies":[{"name":"wp","href":"https:\/\/api.w.org\/{rel}","templated":true}]}}