{"id":20,"date":"2025-05-26T10:16:04","date_gmt":"2025-05-26T08:16:04","guid":{"rendered":"https:\/\/henrigar.com\/?page_id=20"},"modified":"2025-06-04T09:42:02","modified_gmt":"2025-06-04T07:42:02","slug":"servicios","status":"publish","type":"page","link":"https:\/\/henrigar.com\/en\/servicios\/","title":{"rendered":"Servicios"},"content":{"rendered":"<div data-elementor-type=\"wp-page\" data-elementor-id=\"20\" class=\"elementor elementor-20\" data-elementor-post-type=\"page\">\n\t\t\t\t<div class=\"elementor-element elementor-element-62ad994 e-flex e-con-boxed e-con e-parent\" data-id=\"62ad994\" data-element_type=\"container\" data-settings=\"{&quot;background_background&quot;:&quot;classic&quot;}\">\n\t\t\t\t\t<div class=\"e-con-inner\">\n\t\t\t\t<div class=\"elementor-element elementor-element-d99af52 elementor-widget elementor-widget-heading\" data-id=\"d99af52\" data-element_type=\"widget\" data-widget_type=\"heading.default\">\n\t\t\t\t<div class=\"elementor-widget-container\">\n\t\t\t\t\t<h1 class=\"elementor-heading-title elementor-size-default\">Nuestros servicios<\/h1>\t\t\t\t<\/div>\n\t\t\t\t<\/div>\n\t\t\t\t\t<\/div>\n\t\t\t\t<\/div>\n\t\t<div class=\"elementor-element elementor-element-d194f3d e-flex e-con-boxed e-con e-parent\" data-id=\"d194f3d\" data-element_type=\"container\">\n\t\t\t\t\t<div class=\"e-con-inner\">\n\t\t<div class=\"elementor-element elementor-element-67e32ad e-con-full e-flex e-con e-child\" data-id=\"67e32ad\" data-element_type=\"container\">\n\t\t\t\t<div class=\"elementor-element elementor-element-42384b6 elementor-widget elementor-widget-heading\" data-id=\"42384b6\" data-element_type=\"widget\" data-widget_type=\"heading.default\">\n\t\t\t\t<div class=\"elementor-widget-container\">\n\t\t\t\t\t<h2 class=\"elementor-heading-title elementor-size-default\">Taller de Joyer\u00eda Artesanal y Tecnol\u00f3gico<\/h2>\t\t\t\t<\/div>\n\t\t\t\t<\/div>\n\t\t\t\t<div class=\"elementor-element elementor-element-c30dd15 elementor-widget elementor-widget-text-editor\" data-id=\"c30dd15\" data-element_type=\"widget\" data-widget_type=\"text-editor.default\">\n\t\t\t\t<div class=\"elementor-widget-container\">\n\t\t\t\t\t\t\t\t\t<p>En HenriGar contamos con un taller completamente equipado, donde tradici\u00f3n e innovaci\u00f3n trabajan mano a mano.<br \/>Combinamos las t\u00e9cnicas artesanales m\u00e1s refinadas con la precisi\u00f3n de la tecnolog\u00eda m\u00e1s avanzada para ofrecer resultados \u00fanicos y de la m\u00e1s alta calidad.<\/p><p>Realizamos todo el proceso de creaci\u00f3n de la joya:<br \/>Dise\u00f1o, fundici\u00f3n, elaboraci\u00f3n de moldes, soldaduras, engastado, grabado, esmaltado, cincelado, repujado, pulido y matizado.<br \/>Cada etapa es realizada con precisi\u00f3n y dedicaci\u00f3n, cuidando hasta el m\u00e1s m\u00ednimo detalle.<\/p>\t\t\t\t\t\t\t\t<\/div>\n\t\t\t\t<\/div>\n\t\t\t\t<\/div>\n\t\t<div class=\"elementor-element elementor-element-04fcd56 e-con-full e-flex e-con e-child\" data-id=\"04fcd56\" data-element_type=\"container\">\n\t\t\t\t<div class=\"elementor-element elementor-element-7f1b281 elementor-widget elementor-widget-image\" data-id=\"7f1b281\" data-element_type=\"widget\" data-widget_type=\"image.default\">\n\t\t\t\t<div class=\"elementor-widget-container\">\n\t\t\t\t\t\t\t\t\t\t\t\t\t\t\t<img fetchpriority=\"high\" decoding=\"async\" width=\"980\" height=\"340\" src=\"https:\/\/henrigar.com\/wp-content\/uploads\/2025\/05\/Tallerastillera.jpg\" class=\"attachment-full size-full wp-image-164\" alt=\"\" srcset=\"https:\/\/henrigar.com\/wp-content\/uploads\/2025\/05\/Tallerastillera.jpg 980w, https:\/\/henrigar.com\/wp-content\/uploads\/2025\/05\/Tallerastillera-300x104.jpg 300w, https:\/\/henrigar.com\/wp-content\/uploads\/2025\/05\/Tallerastillera-768x266.jpg 768w\" sizes=\"(max-width: 980px) 100vw, 980px\" \/>\t\t\t\t\t\t\t\t\t\t\t\t\t\t\t<\/div>\n\t\t\t\t<\/div>\n\t\t\t\t<\/div>\n\t\t\t\t\t<\/div>\n\t\t\t\t<\/div>\n\t\t<div class=\"elementor-element elementor-element-0c5021e e-flex e-con-boxed e-con e-parent\" data-id=\"0c5021e\" data-element_type=\"container\">\n\t\t\t\t\t<div class=\"e-con-inner\">\n\t\t<div class=\"elementor-element elementor-element-71e996b e-con-full e-flex e-con e-child\" data-id=\"71e996b\" data-element_type=\"container\">\n\t\t\t\t<div class=\"elementor-element elementor-element-7cf634f elementor-widget elementor-widget-image\" data-id=\"7cf634f\" data-element_type=\"widget\" data-widget_type=\"image.default\">\n\t\t\t\t<div class=\"elementor-widget-container\">\n\t\t\t\t\t\t\t\t\t\t\t\t\t\t\t<img decoding=\"async\" width=\"1000\" height=\"567\" src=\"https:\/\/henrigar.com\/wp-content\/uploads\/2025\/06\/AnilloTresNombresMiguelAngelCiriza.118.jpg\" class=\"attachment-full size-full wp-image-182\" alt=\"\" srcset=\"https:\/\/henrigar.com\/wp-content\/uploads\/2025\/06\/AnilloTresNombresMiguelAngelCiriza.118.jpg 1000w, https:\/\/henrigar.com\/wp-content\/uploads\/2025\/06\/AnilloTresNombresMiguelAngelCiriza.118-300x170.jpg 300w, https:\/\/henrigar.com\/wp-content\/uploads\/2025\/06\/AnilloTresNombresMiguelAngelCiriza.118-768x435.jpg 768w\" sizes=\"(max-width: 1000px) 100vw, 1000px\" \/>\t\t\t\t\t\t\t\t\t\t\t\t\t\t\t<\/div>\n\t\t\t\t<\/div>\n\t\t\t\t<\/div>\n\t\t<div class=\"elementor-element elementor-element-864be40 e-con-full e-flex e-con e-child\" data-id=\"864be40\" data-element_type=\"container\">\n\t\t\t\t<div class=\"elementor-element elementor-element-695b9d5 elementor-widget elementor-widget-heading\" data-id=\"695b9d5\" data-element_type=\"widget\" data-widget_type=\"heading.default\">\n\t\t\t\t<div class=\"elementor-widget-container\">\n\t\t\t\t\t<h2 class=\"elementor-heading-title elementor-size-default\">Prototipado y Modelado 3D\n<\/h2>\t\t\t\t<\/div>\n\t\t\t\t<\/div>\n\t\t\t\t<div class=\"elementor-element elementor-element-dd03ec6 elementor-widget elementor-widget-text-editor\" data-id=\"dd03ec6\" data-element_type=\"widget\" data-widget_type=\"text-editor.default\">\n\t\t\t\t<div class=\"elementor-widget-container\">\n\t\t\t\t\t\t\t\t\t<p>Gracias al prototipado 3D, damos forma a piezas originales o moldes para reproducci\u00f3n con una perfecci\u00f3n casi imposible de lograr por m\u00e9todos tradicionales.<\/p><p>Utilizamos impresoras 3D de alta precisi\u00f3n, controladas por ordenador, que nos permiten alcanzar niveles de detalle y complejidad excepcionales.<br \/>Esto nos abre la puerta a dise\u00f1os m\u00e1s audaces, personalizados y t\u00e9cnicamente impecables.<\/p>\t\t\t\t\t\t\t\t<\/div>\n\t\t\t\t<\/div>\n\t\t\t\t<\/div>\n\t\t\t\t\t<\/div>\n\t\t\t\t<\/div>\n\t\t<div class=\"elementor-element elementor-element-448a7fe e-flex e-con-boxed e-con e-parent\" data-id=\"448a7fe\" data-element_type=\"container\">\n\t\t\t\t\t<div class=\"e-con-inner\">\n\t\t<div class=\"elementor-element elementor-element-982c966 e-con-full e-flex e-con e-child\" data-id=\"982c966\" data-element_type=\"container\">\n\t\t\t\t<div class=\"elementor-element elementor-element-fcd4144 elementor-widget elementor-widget-heading\" data-id=\"fcd4144\" data-element_type=\"widget\" data-widget_type=\"heading.default\">\n\t\t\t\t<div class=\"elementor-widget-container\">\n\t\t\t\t\t<h2 class=\"elementor-heading-title elementor-size-default\">Control de Calidad Gemol\u00f3gico<\/h2>\t\t\t\t<\/div>\n\t\t\t\t<\/div>\n\t\t\t\t<div class=\"elementor-element elementor-element-8d7cc5d elementor-widget elementor-widget-text-editor\" data-id=\"8d7cc5d\" data-element_type=\"widget\" data-widget_type=\"text-editor.default\">\n\t\t\t\t<div class=\"elementor-widget-container\">\n\t\t\t\t\t\t\t\t\t<p>Nuestro compromiso con la excelencia comienza en la selecci\u00f3n de materiales.<br \/>Contamos con un laboratorio gemol\u00f3gico propio, donde analizamos e identificamos todas las gemas que trabajamos.<\/p><p>As\u00ed, garantizamos que cada piedra cumpla con los m\u00e1s altos est\u00e1ndares y que la joya final coincida exactamente con lo indicado en su ficha individual.<\/p>\t\t\t\t\t\t\t\t<\/div>\n\t\t\t\t<\/div>\n\t\t\t\t<\/div>\n\t\t<div class=\"elementor-element elementor-element-06dfcee e-con-full e-flex e-con e-child\" data-id=\"06dfcee\" data-element_type=\"container\">\n\t\t\t\t<div class=\"elementor-element elementor-element-b1f61e7 elementor-widget elementor-widget-image\" data-id=\"b1f61e7\" data-element_type=\"widget\" data-widget_type=\"image.default\">\n\t\t\t\t<div class=\"elementor-widget-container\">\n\t\t\t\t\t\t\t\t\t\t\t\t\t\t\t<img decoding=\"async\" width=\"1000\" height=\"877\" src=\"https:\/\/henrigar.com\/wp-content\/uploads\/2025\/06\/AnilloOrlaOctogonalV3.117.jpg\" class=\"attachment-full size-full wp-image-181\" alt=\"\" srcset=\"https:\/\/henrigar.com\/wp-content\/uploads\/2025\/06\/AnilloOrlaOctogonalV3.117.jpg 1000w, https:\/\/henrigar.com\/wp-content\/uploads\/2025\/06\/AnilloOrlaOctogonalV3.117-300x263.jpg 300w, https:\/\/henrigar.com\/wp-content\/uploads\/2025\/06\/AnilloOrlaOctogonalV3.117-768x674.jpg 768w\" sizes=\"(max-width: 1000px) 100vw, 1000px\" \/>\t\t\t\t\t\t\t\t\t\t\t\t\t\t\t<\/div>\n\t\t\t\t<\/div>\n\t\t\t\t<\/div>\n\t\t\t\t\t<\/div>\n\t\t\t\t<\/div>\n\t\t<div class=\"elementor-element elementor-element-e58a5f7 e-flex e-con-boxed e-con e-parent\" data-id=\"e58a5f7\" data-element_type=\"container\">\n\t\t\t\t\t<div class=\"e-con-inner\">\n\t\t<div class=\"elementor-element elementor-element-e188029 e-con-full e-flex e-con e-child\" data-id=\"e188029\" data-element_type=\"container\">\n\t\t\t\t<div class=\"elementor-element elementor-element-1473262 elementor-widget elementor-widget-image\" data-id=\"1473262\" data-element_type=\"widget\" data-widget_type=\"image.default\">\n\t\t\t\t<div class=\"elementor-widget-container\">\n\t\t\t\t\t\t\t\t\t\t\t\t\t\t\t<img loading=\"lazy\" decoding=\"async\" width=\"848\" height=\"1000\" src=\"https:\/\/henrigar.com\/wp-content\/uploads\/2025\/06\/SortijaRubiesBrillantesV2.30.jpg\" class=\"attachment-full size-full wp-image-198\" alt=\"\" srcset=\"https:\/\/henrigar.com\/wp-content\/uploads\/2025\/06\/SortijaRubiesBrillantesV2.30.jpg 848w, https:\/\/henrigar.com\/wp-content\/uploads\/2025\/06\/SortijaRubiesBrillantesV2.30-254x300.jpg 254w, https:\/\/henrigar.com\/wp-content\/uploads\/2025\/06\/SortijaRubiesBrillantesV2.30-768x906.jpg 768w\" sizes=\"(max-width: 848px) 100vw, 848px\" \/>\t\t\t\t\t\t\t\t\t\t\t\t\t\t\t<\/div>\n\t\t\t\t<\/div>\n\t\t\t\t<\/div>\n\t\t<div class=\"elementor-element elementor-element-2154dda e-con-full e-flex e-con e-child\" data-id=\"2154dda\" data-element_type=\"container\">\n\t\t\t\t<div class=\"elementor-element elementor-element-283ac43 elementor-widget elementor-widget-heading\" data-id=\"283ac43\" data-element_type=\"widget\" data-widget_type=\"heading.default\">\n\t\t\t\t<div class=\"elementor-widget-container\">\n\t\t\t\t\t<h2 class=\"elementor-heading-title elementor-size-default\">Dise\u00f1o 3D de Joyas \u2013 CAD\/CAM\n<\/h2>\t\t\t\t<\/div>\n\t\t\t\t<\/div>\n\t\t\t\t<div class=\"elementor-element elementor-element-72a928f elementor-widget elementor-widget-text-editor\" data-id=\"72a928f\" data-element_type=\"widget\" data-widget_type=\"text-editor.default\">\n\t\t\t\t<div class=\"elementor-widget-container\">\n\t\t\t\t\t\t\t\t\t<p>En nuestro estudio de dise\u00f1o trabajamos con herramientas digitales de \u00faltima generaci\u00f3n, que est\u00e1n revolucionando el mundo de la joyer\u00eda.<\/p><p>A trav\u00e9s de software CAD\/CAM, creamos modelos virtuales que luego se convierten en piezas reales mediante impresi\u00f3n 3D.<br \/>Este sistema nos permite ofrecerte im\u00e1genes fotorrealistas antes de fabricar la pieza, con distintas opciones de metales, acabados y gemas, para que puedas visualizar tu joya tal como ser\u00e1.<\/p><p>Utilizamos Rhinoceros, uno de los programas de dise\u00f1o 3D m\u00e1s avanzados del sector, junto con maquinaria de prototipado aditivo y de sustracci\u00f3n.<br \/>Esto nos permite ofrecer resultados de alta precisi\u00f3n, con tiempos de entrega r\u00e1pidos y costes muy competitivos.<\/p>\t\t\t\t\t\t\t\t<\/div>\n\t\t\t\t<\/div>\n\t\t\t\t<\/div>\n\t\t\t\t\t<\/div>\n\t\t\t\t<\/div>\n\t\t<div class=\"elementor-element elementor-element-bb6d1f1 e-con-full e-flex e-con e-parent\" data-id=\"bb6d1f1\" data-element_type=\"container\">\n\t\t<div class=\"elementor-element elementor-element-79b4388 e-flex e-con-boxed e-con e-child\" data-id=\"79b4388\" data-element_type=\"container\">\n\t\t\t\t\t<div class=\"e-con-inner\">\n\t\t<div class=\"elementor-element elementor-element-d05e662 e-con-full e-flex e-con e-child\" data-id=\"d05e662\" data-element_type=\"container\">\n\t\t\t\t<div class=\"elementor-element elementor-element-243e2b1 elementor-widget elementor-widget-heading\" data-id=\"243e2b1\" data-element_type=\"widget\" data-widget_type=\"heading.default\">\n\t\t\t\t<div class=\"elementor-widget-container\">\n\t\t\t\t\t<h2 class=\"elementor-heading-title elementor-size-default\">Galer\u00eda<\/h2>\t\t\t\t<\/div>\n\t\t\t\t<\/div>\n\t\t\t\t<div class=\"elementor-element elementor-element-e9cb723 elementor-widget elementor-widget-heading\" data-id=\"e9cb723\" data-element_type=\"widget\" data-widget_type=\"heading.default\">\n\t\t\t\t<div class=\"elementor-widget-container\">\n\t\t\t\t\t<h2 class=\"elementor-heading-title elementor-size-default\">Descubre algunos de nuestros trabajos<\/h2>\t\t\t\t<\/div>\n\t\t\t\t<\/div>\n\t\t\t\t<\/div>\n\t\t<div class=\"elementor-element elementor-element-3b750de e-con-full e-flex e-con e-child\" data-id=\"3b750de\" data-element_type=\"container\">\n\t\t\t\t<div class=\"elementor-element elementor-element-274821e elementor-widget elementor-widget-text-editor\" data-id=\"274821e\" data-element_type=\"widget\" data-widget_type=\"text-editor.default\">\n\t\t\t\t<div class=\"elementor-widget-container\">\n\t\t\t\t\t\t\t\t\t<p>Inspirate con algunos de nuestros \u00faltimos trabajos. Pero preguntanos sin compromiso aunque en esta galer\u00eda no veas algo parecido a lo que necesitas.<\/p>\t\t\t\t\t\t\t\t<\/div>\n\t\t\t\t<\/div>\n\t\t\t\t<div class=\"elementor-element elementor-element-8f0aa72 e-transform elementor-widget elementor-widget-jkit_button\" data-id=\"8f0aa72\" data-element_type=\"widget\" data-settings=\"{&quot;_transform_scale_effect_hover&quot;:{&quot;unit&quot;:&quot;px&quot;,&quot;size&quot;:&quot;0.9&quot;,&quot;sizes&quot;:[]},&quot;_transform_scale_effect_hover_tablet&quot;:{&quot;unit&quot;:&quot;px&quot;,&quot;size&quot;:&quot;&quot;,&quot;sizes&quot;:[]},&quot;_transform_scale_effect_hover_mobile&quot;:{&quot;unit&quot;:&quot;px&quot;,&quot;size&quot;:&quot;&quot;,&quot;sizes&quot;:[]}}\" data-widget_type=\"jkit_button.default\">\n\t\t\t\t<div class=\"elementor-widget-container\">\n\t\t\t\t\t<div  class=\"jeg-elementor-kit jkit-button  icon-position-before jeg_module___69e393d47212a\" ><a href=\"https:\/\/henrigar.com\/en\/galeria\/\" class=\"jkit-button-wrapper\">Ver galer\u00eda completa<\/a><\/div>\t\t\t\t<\/div>\n\t\t\t\t<\/div>\n\t\t\t\t<\/div>\n\t\t\t\t\t<\/div>\n\t\t\t\t<\/div>\n\t\t<div class=\"elementor-element elementor-element-757347b e-flex e-con-boxed e-con e-child\" data-id=\"757347b\" data-element_type=\"container\">\n\t\t\t\t\t<div class=\"e-con-inner\">\n\t\t<div class=\"elementor-element elementor-element-cd908a6 e-con-full e-flex e-con e-child\" data-id=\"cd908a6\" data-element_type=\"container\">\n\t\t\t\t<div class=\"elementor-element elementor-element-a702b67 elementor-widget elementor-widget-gallery\" data-id=\"a702b67\" data-element_type=\"widget\" data-settings=\"{&quot;lazyload&quot;:&quot;yes&quot;,&quot;gallery_layout&quot;:&quot;grid&quot;,&quot;columns&quot;:4,&quot;columns_tablet&quot;:2,&quot;columns_mobile&quot;:1,&quot;gap&quot;:{&quot;unit&quot;:&quot;px&quot;,&quot;size&quot;:10,&quot;sizes&quot;:[]},&quot;gap_tablet&quot;:{&quot;unit&quot;:&quot;px&quot;,&quot;size&quot;:10,&quot;sizes&quot;:[]},&quot;gap_mobile&quot;:{&quot;unit&quot;:&quot;px&quot;,&quot;size&quot;:10,&quot;sizes&quot;:[]},&quot;link_to&quot;:&quot;file&quot;,&quot;aspect_ratio&quot;:&quot;3:2&quot;,&quot;overlay_background&quot;:&quot;yes&quot;,&quot;content_hover_animation&quot;:&quot;fade-in&quot;}\" data-widget_type=\"gallery.default\">\n\t\t\t\t<div class=\"elementor-widget-container\">\n\t\t\t\t\t\t\t<div class=\"elementor-gallery__container\">\n\t\t\t\t\t\t\t<a class=\"e-gallery-item elementor-gallery-item elementor-animated-content\" href=\"https:\/\/henrigar.com\/wp-content\/uploads\/2025\/06\/SortijaRubiesBrillantesV2.29.jpg\" data-elementor-open-lightbox=\"yes\" data-elementor-lightbox-slideshow=\"a702b67\" data-elementor-lightbox-title=\"SortijaRubiesBrillantesV2.29\" data-e-action-hash=\"#elementor-action%3Aaction%3Dlightbox%26settings%3DeyJpZCI6MTk3LCJ1cmwiOiJodHRwczpcL1wvaGVucmlnYXIuY29tXC93cC1jb250ZW50XC91cGxvYWRzXC8yMDI1XC8wNlwvU29ydGlqYVJ1Ymllc0JyaWxsYW50ZXNWMi4yOS5qcGciLCJzbGlkZXNob3ciOiJhNzAyYjY3In0%3D\">\n\t\t\t\t\t<div class=\"e-gallery-image elementor-gallery-item__image\" data-thumbnail=\"https:\/\/henrigar.com\/wp-content\/uploads\/2025\/06\/SortijaRubiesBrillantesV2.29.jpg\" data-width=\"1000\" data-height=\"601\" aria-label=\"\" role=\"img\" ><\/div>\n\t\t\t\t\t\t\t\t\t\t\t<div class=\"elementor-gallery-item__overlay\"><\/div>\n\t\t\t\t\t\t\t\t\t\t\t\t\t\t<\/a>\n\t\t\t\t\t\t\t<a class=\"e-gallery-item elementor-gallery-item elementor-animated-content\" href=\"https:\/\/henrigar.com\/wp-content\/uploads\/2025\/06\/PendientesHelecho.10.jpg\" data-elementor-open-lightbox=\"yes\" data-elementor-lightbox-slideshow=\"a702b67\" data-elementor-lightbox-title=\"PendientesHelecho.10\" data-e-action-hash=\"#elementor-action%3Aaction%3Dlightbox%26settings%3DeyJpZCI6MTkxLCJ1cmwiOiJodHRwczpcL1wvaGVucmlnYXIuY29tXC93cC1jb250ZW50XC91cGxvYWRzXC8yMDI1XC8wNlwvUGVuZGllbnRlc0hlbGVjaG8uMTAuanBnIiwic2xpZGVzaG93IjoiYTcwMmI2NyJ9\">\n\t\t\t\t\t<div class=\"e-gallery-image elementor-gallery-item__image\" data-thumbnail=\"https:\/\/henrigar.com\/wp-content\/uploads\/2025\/06\/PendientesHelecho.10.jpg\" data-width=\"1000\" data-height=\"543\" aria-label=\"\" role=\"img\" ><\/div>\n\t\t\t\t\t\t\t\t\t\t\t<div class=\"elementor-gallery-item__overlay\"><\/div>\n\t\t\t\t\t\t\t\t\t\t\t\t\t\t<\/a>\n\t\t\t\t\t\t\t<a class=\"e-gallery-item elementor-gallery-item elementor-animated-content\" href=\"https:\/\/henrigar.com\/wp-content\/uploads\/2025\/06\/SelloEscudoNavarra.17.jpg\" data-elementor-open-lightbox=\"yes\" data-elementor-lightbox-slideshow=\"a702b67\" data-elementor-lightbox-title=\"SelloEscudoNavarra.17\" data-e-action-hash=\"#elementor-action%3Aaction%3Dlightbox%26settings%3DeyJpZCI6MTkzLCJ1cmwiOiJodHRwczpcL1wvaGVucmlnYXIuY29tXC93cC1jb250ZW50XC91cGxvYWRzXC8yMDI1XC8wNlwvU2VsbG9Fc2N1ZG9OYXZhcnJhLjE3LmpwZyIsInNsaWRlc2hvdyI6ImE3MDJiNjcifQ%3D%3D\">\n\t\t\t\t\t<div class=\"e-gallery-image elementor-gallery-item__image\" data-thumbnail=\"https:\/\/henrigar.com\/wp-content\/uploads\/2025\/06\/SelloEscudoNavarra.17.jpg\" data-width=\"822\" data-height=\"1000\" aria-label=\"\" role=\"img\" ><\/div>\n\t\t\t\t\t\t\t\t\t\t\t<div class=\"elementor-gallery-item__overlay\"><\/div>\n\t\t\t\t\t\t\t\t\t\t\t\t\t\t<\/a>\n\t\t\t\t\t\t\t<a class=\"e-gallery-item elementor-gallery-item elementor-animated-content\" href=\"https:\/\/henrigar.com\/wp-content\/uploads\/2025\/06\/SelloEscudoNavarraSencillo.95.jpg\" data-elementor-open-lightbox=\"yes\" data-elementor-lightbox-slideshow=\"a702b67\" data-elementor-lightbox-title=\"SelloEscudoNavarraSencillo.95\" data-e-action-hash=\"#elementor-action%3Aaction%3Dlightbox%26settings%3DeyJpZCI6MTk0LCJ1cmwiOiJodHRwczpcL1wvaGVucmlnYXIuY29tXC93cC1jb250ZW50XC91cGxvYWRzXC8yMDI1XC8wNlwvU2VsbG9Fc2N1ZG9OYXZhcnJhU2VuY2lsbG8uOTUuanBnIiwic2xpZGVzaG93IjoiYTcwMmI2NyJ9\">\n\t\t\t\t\t<div class=\"e-gallery-image elementor-gallery-item__image\" data-thumbnail=\"https:\/\/henrigar.com\/wp-content\/uploads\/2025\/06\/SelloEscudoNavarraSencillo.95.jpg\" data-width=\"1000\" data-height=\"765\" aria-label=\"\" role=\"img\" ><\/div>\n\t\t\t\t\t\t\t\t\t\t\t<div class=\"elementor-gallery-item__overlay\"><\/div>\n\t\t\t\t\t\t\t\t\t\t\t\t\t\t<\/a>\n\t\t\t\t\t\t\t<a class=\"e-gallery-item elementor-gallery-item elementor-animated-content\" href=\"https:\/\/henrigar.com\/wp-content\/uploads\/2025\/06\/ColganteEguzkiloreBrillante.105.jpg\" data-elementor-open-lightbox=\"yes\" data-elementor-lightbox-slideshow=\"a702b67\" data-elementor-lightbox-title=\"ColganteEguzkiloreBrillante.105\" data-e-action-hash=\"#elementor-action%3Aaction%3Dlightbox%26settings%3DeyJpZCI6MTg1LCJ1cmwiOiJodHRwczpcL1wvaGVucmlnYXIuY29tXC93cC1jb250ZW50XC91cGxvYWRzXC8yMDI1XC8wNlwvQ29sZ2FudGVFZ3V6a2lsb3JlQnJpbGxhbnRlLjEwNS5qcGciLCJzbGlkZXNob3ciOiJhNzAyYjY3In0%3D\">\n\t\t\t\t\t<div class=\"e-gallery-image elementor-gallery-item__image\" data-thumbnail=\"https:\/\/henrigar.com\/wp-content\/uploads\/2025\/06\/ColganteEguzkiloreBrillante.105.jpg\" data-width=\"1000\" data-height=\"828\" aria-label=\"\" role=\"img\" ><\/div>\n\t\t\t\t\t\t\t\t\t\t\t<div class=\"elementor-gallery-item__overlay\"><\/div>\n\t\t\t\t\t\t\t\t\t\t\t\t\t\t<\/a>\n\t\t\t\t\t\t\t<a class=\"e-gallery-item elementor-gallery-item elementor-animated-content\" href=\"https:\/\/henrigar.com\/wp-content\/uploads\/2025\/06\/AnilloHilosDosGemas.146.jpg\" data-elementor-open-lightbox=\"yes\" data-elementor-lightbox-slideshow=\"a702b67\" data-elementor-lightbox-title=\"AnilloHilosDosGemas.146\" data-e-action-hash=\"#elementor-action%3Aaction%3Dlightbox%26settings%3DeyJpZCI6MTgwLCJ1cmwiOiJodHRwczpcL1wvaGVucmlnYXIuY29tXC93cC1jb250ZW50XC91cGxvYWRzXC8yMDI1XC8wNlwvQW5pbGxvSGlsb3NEb3NHZW1hcy4xNDYuanBnIiwic2xpZGVzaG93IjoiYTcwMmI2NyJ9\">\n\t\t\t\t\t<div class=\"e-gallery-image elementor-gallery-item__image\" data-thumbnail=\"https:\/\/henrigar.com\/wp-content\/uploads\/2025\/06\/AnilloHilosDosGemas.146.jpg\" data-width=\"785\" data-height=\"1000\" aria-label=\"\" role=\"img\" ><\/div>\n\t\t\t\t\t\t\t\t\t\t\t<div class=\"elementor-gallery-item__overlay\"><\/div>\n\t\t\t\t\t\t\t\t\t\t\t\t\t\t<\/a>\n\t\t\t\t\t\t\t<a class=\"e-gallery-item elementor-gallery-item elementor-animated-content\" href=\"https:\/\/henrigar.com\/wp-content\/uploads\/2025\/06\/AnilloTresNombresMiguelAngelCiriza.118.jpg\" data-elementor-open-lightbox=\"yes\" data-elementor-lightbox-slideshow=\"a702b67\" data-elementor-lightbox-title=\"AnilloTresNombresMiguelAngelCiriza.118\" data-e-action-hash=\"#elementor-action%3Aaction%3Dlightbox%26settings%3DeyJpZCI6MTgyLCJ1cmwiOiJodHRwczpcL1wvaGVucmlnYXIuY29tXC93cC1jb250ZW50XC91cGxvYWRzXC8yMDI1XC8wNlwvQW5pbGxvVHJlc05vbWJyZXNNaWd1ZWxBbmdlbENpcml6YS4xMTguanBnIiwic2xpZGVzaG93IjoiYTcwMmI2NyJ9\">\n\t\t\t\t\t<div class=\"e-gallery-image elementor-gallery-item__image\" data-thumbnail=\"https:\/\/henrigar.com\/wp-content\/uploads\/2025\/06\/AnilloTresNombresMiguelAngelCiriza.118.jpg\" data-width=\"1000\" data-height=\"567\" aria-label=\"\" role=\"img\" ><\/div>\n\t\t\t\t\t\t\t\t\t\t\t<div class=\"elementor-gallery-item__overlay\"><\/div>\n\t\t\t\t\t\t\t\t\t\t\t\t\t\t<\/a>\n\t\t\t\t\t\t\t<a class=\"e-gallery-item elementor-gallery-item elementor-animated-content\" href=\"https:\/\/henrigar.com\/wp-content\/uploads\/2025\/06\/ManoIrulegi.129.jpg\" data-elementor-open-lightbox=\"yes\" data-elementor-lightbox-slideshow=\"a702b67\" data-elementor-lightbox-title=\"ManoIrulegi.129\" data-e-action-hash=\"#elementor-action%3Aaction%3Dlightbox%26settings%3DeyJpZCI6MTg4LCJ1cmwiOiJodHRwczpcL1wvaGVucmlnYXIuY29tXC93cC1jb250ZW50XC91cGxvYWRzXC8yMDI1XC8wNlwvTWFub0lydWxlZ2kuMTI5LmpwZyIsInNsaWRlc2hvdyI6ImE3MDJiNjcifQ%3D%3D\">\n\t\t\t\t\t<div class=\"e-gallery-image elementor-gallery-item__image\" data-thumbnail=\"https:\/\/henrigar.com\/wp-content\/uploads\/2025\/06\/ManoIrulegi.129.jpg\" data-width=\"1000\" data-height=\"771\" aria-label=\"\" role=\"img\" ><\/div>\n\t\t\t\t\t\t\t\t\t\t\t<div class=\"elementor-gallery-item__overlay\"><\/div>\n\t\t\t\t\t\t\t\t\t\t\t\t\t\t<\/a>\n\t\t\t\t\t<\/div>\n\t\t\t\t\t<\/div>\n\t\t\t\t<\/div>\n\t\t\t\t<\/div>\n\t\t\t\t\t<\/div>\n\t\t\t\t<\/div>\n\t\t\t\t<\/div>\n\t\t\t\t<\/div>","protected":false},"excerpt":{"rendered":"<p>Nuestros servicios Taller de Joyer\u00eda Artesanal y Tecnol\u00f3gico En HenriGar contamos con un taller completamente equipado, donde tradici\u00f3n e innovaci\u00f3n trabajan mano a mano.Combinamos las t\u00e9cnicas artesanales m\u00e1s refinadas con la precisi\u00f3n de la tecnolog\u00eda m\u00e1s avanzada para ofrecer resultados \u00fanicos y de la m\u00e1s alta calidad. Realizamos todo el proceso de creaci\u00f3n de la [&hellip;]<\/p>","protected":false},"author":1,"featured_media":0,"parent":0,"menu_order":0,"comment_status":"closed","ping_status":"closed","template":"","meta":{"footnotes":""},"class_list":["post-20","page","type-page","status-publish","hentry"],"_links":{"self":[{"href":"https:\/\/henrigar.com\/en\/wp-json\/wp\/v2\/pages\/20","targetHints":{"allow":["GET"]}}],"collection":[{"href":"https:\/\/henrigar.com\/en\/wp-json\/wp\/v2\/pages"}],"about":[{"href":"https:\/\/henrigar.com\/en\/wp-json\/wp\/v2\/types\/page"}],"author":[{"embeddable":true,"href":"https:\/\/henrigar.com\/en\/wp-json\/wp\/v2\/users\/1"}],"replies":[{"embeddable":true,"href":"https:\/\/henrigar.com\/en\/wp-json\/wp\/v2\/comments?post=20"}],"version-history":[{"count":0,"href":"https:\/\/henrigar.com\/en\/wp-json\/wp\/v2\/pages\/20\/revisions"}],"wp:attachment":[{"href":"https:\/\/henrigar.com\/en\/wp-json\/wp\/v2\/media?parent=20"}],"curies":[{"name":"wp","href":"https:\/\/api.w.org\/{rel}","templated":true}]}}