{"id":22,"date":"2025-05-26T10:16:20","date_gmt":"2025-05-26T08:16:20","guid":{"rendered":"https:\/\/henrigar.com\/?page_id=22"},"modified":"2025-07-23T09:14:16","modified_gmt":"2025-07-23T07:14:16","slug":"politica-de-cookies","status":"publish","type":"page","link":"https:\/\/henrigar.com\/en\/politica-de-cookies\/","title":{"rendered":"Pol\u00edtica de cookies"},"content":{"rendered":"<h3 class=\"wp-block-heading\">\u00bfQu\u00e9 son las cookies?<\/h3>\n\n\n\n<p>Una cookie es un peque\u00f1o archivo que se descarga en el dispositivo del usuario al acceder a determinadas p\u00e1ginas web. Las cookies permiten, entre otras cosas, almacenar y recuperar informaci\u00f3n sobre los h\u00e1bitos de navegaci\u00f3n del usuario.<\/p>\n\n\n\n<h3 class=\"wp-block-heading\">Uso de cookies en este sitio web<\/h3>\n\n\n\n<p>Este sitio web, <a class=\"\" href=\"https:\/\/henrigar.com\/en\/\">https:\/\/henrigar.com<\/a>, <strong>no utiliza cookies propias ni de terceros con fines publicitarios o anal\u00edticos<\/strong>.<br>Solo se emplea <strong>Google Search Console<\/strong> con el \u00fanico prop\u00f3sito de conocer el rendimiento del sitio en los resultados de b\u00fasqueda de Google.<br><strong>Google Search Console no instala cookies ni recopila datos personales de los usuarios<\/strong> que visitan la web.<\/p>\n\n\n\n<h3 class=\"wp-block-heading\">C\u00f3mo desactivar las cookies<\/h3>\n\n\n\n<p>Dado que este sitio no utiliza cookies, no es necesario que el usuario realice ninguna acci\u00f3n para desactivarlas. En cualquier caso, si deseas restringir, bloquear o eliminar cookies en general, puedes hacerlo a trav\u00e9s de la configuraci\u00f3n de tu navegador.<\/p>\n\n\n\n<p><\/p>","protected":false},"excerpt":{"rendered":"<p>\u00bfQu\u00e9 son las cookies? Una cookie es un peque\u00f1o archivo que se descarga en el dispositivo del usuario al acceder a determinadas p\u00e1ginas web. Las cookies permiten, entre otras cosas, almacenar y recuperar informaci\u00f3n sobre los h\u00e1bitos de navegaci\u00f3n del usuario. Uso de cookies en este sitio web Este sitio web, https:\/\/henrigar.com, no utiliza cookies [&hellip;]<\/p>","protected":false},"author":1,"featured_media":0,"parent":0,"menu_order":0,"comment_status":"closed","ping_status":"closed","template":"","meta":{"footnotes":""},"class_list":["post-22","page","type-page","status-publish","hentry"],"_links":{"self":[{"href":"https:\/\/henrigar.com\/en\/wp-json\/wp\/v2\/pages\/22","targetHints":{"allow":["GET"]}}],"collection":[{"href":"https:\/\/henrigar.com\/en\/wp-json\/wp\/v2\/pages"}],"about":[{"href":"https:\/\/henrigar.com\/en\/wp-json\/wp\/v2\/types\/page"}],"author":[{"embeddable":true,"href":"https:\/\/henrigar.com\/en\/wp-json\/wp\/v2\/users\/1"}],"replies":[{"embeddable":true,"href":"https:\/\/henrigar.com\/en\/wp-json\/wp\/v2\/comments?post=22"}],"version-history":[{"count":0,"href":"https:\/\/henrigar.com\/en\/wp-json\/wp\/v2\/pages\/22\/revisions"}],"wp:attachment":[{"href":"https:\/\/henrigar.com\/en\/wp-json\/wp\/v2\/media?parent=22"}],"curies":[{"name":"wp","href":"https:\/\/api.w.org\/{rel}","templated":true}]}}