{"id":23,"date":"2025-05-26T10:16:26","date_gmt":"2025-05-26T08:16:26","guid":{"rendered":"https:\/\/henrigar.com\/?page_id=23"},"modified":"2025-07-23T09:10:50","modified_gmt":"2025-07-23T07:10:50","slug":"aviso-legal","status":"publish","type":"page","link":"https:\/\/henrigar.com\/en\/aviso-legal\/","title":{"rendered":"Aviso legal"},"content":{"rendered":"<h3 class=\"wp-block-heading\">1. Datos del responsable<\/h3>\n\n\n\n<p>En cumplimiento con el deber de informaci\u00f3n recogido en el art\u00edculo 10 de la Ley 34\/2002, de 11 de julio, de Servicios de la Sociedad de la Informaci\u00f3n y del Comercio Electr\u00f3nico, se informa que el titular de este sitio web es:<\/p>\n\n\n\n<ul class=\"wp-block-list\">\n<li><strong>Nombre<\/strong>: Jes\u00fas Henr\u00edquez Azcona<\/li>\n\n\n\n<li><strong>NIF<\/strong>: 72677128A<\/li>\n\n\n\n<li><strong>Direcci\u00f3n<\/strong>: Calle Valdega 50, bajo \u2013 31200 Estella (Navarra)<\/li>\n\n\n\n<li><strong>Tel\u00e9fono<\/strong>: 678 759 978<\/li>\n\n\n\n<li><strong>Correo electr\u00f3nico<\/strong>: <a>jesushenri@henrigar.com<\/a><\/li>\n\n\n\n<li><strong>Sitio web<\/strong>: <a class=\"\" href=\"https:\/\/henrigar.com\/en\/\">https:\/\/henrigar.com<\/a><\/li>\n\n\n\n<li><strong>Actividad<\/strong>: Fabricaci\u00f3n artesanal de joyas<\/li>\n<\/ul>\n\n\n\n<h3 class=\"wp-block-heading\">2. Condiciones de uso<\/h3>\n\n\n\n<p>El acceso y uso de este sitio web atribuye la condici\u00f3n de usuario e implica la aceptaci\u00f3n plena y sin reservas de las disposiciones incluidas en este Aviso Legal. El usuario se compromete a utilizar el sitio web, sus contenidos y servicios de conformidad con la ley, la moral, el orden p\u00fablico y el presente aviso legal.<\/p>\n\n\n\n<p>Queda prohibido el uso del sitio web con fines il\u00edcitos, lesivos o que puedan impedir el normal funcionamiento del mismo.<\/p>\n\n\n\n<h3 class=\"wp-block-heading\">3. Propiedad intelectual e industrial<\/h3>\n\n\n\n<p>Todos los contenidos del sitio web, incluyendo textos, im\u00e1genes, dise\u00f1os, logotipos, c\u00f3digo fuente, y dem\u00e1s elementos, est\u00e1n protegidos por la normativa de propiedad intelectual e industrial. Queda prohibida su reproducci\u00f3n, distribuci\u00f3n o modificaci\u00f3n sin autorizaci\u00f3n expresa del titular.<\/p>\n\n\n\n<h3 class=\"wp-block-heading\">4. Enlaces a terceros<\/h3>\n\n\n\n<p>Este sitio web puede contener enlaces a p\u00e1ginas externas, no siendo el titular responsable de sus contenidos ni de las consecuencias derivadas del acceso a los mismos.<\/p>\n\n\n\n<h3 class=\"wp-block-heading\">5. Limitaci\u00f3n de responsabilidad<\/h3>\n\n\n\n<p>Jes\u00fas Henr\u00edquez Azcona no se responsabiliza del mal uso que se realice de los contenidos de este sitio web ni de los da\u00f1os que puedan derivarse del uso del mismo. No garantiza la ausencia de virus u otros elementos lesivos que pudieran da\u00f1ar los sistemas inform\u00e1ticos del usuario.<\/p>\n\n\n\n<h3 class=\"wp-block-heading\">6. Legislaci\u00f3n aplicable y jurisdicci\u00f3n<\/h3>\n\n\n\n<p>El presente aviso legal se rige \u00edntegramente por la legislaci\u00f3n espa\u00f1ola. Para la resoluci\u00f3n de cualquier conflicto que pudiera derivarse del acceso a este sitio web, el usuario y el titular acuerdan someterse expresamente a los juzgados y tribunales de <strong>Pamplona (Navarra)<\/strong>, renunciando a cualquier otro fuero que pudiera corresponderles.<\/p>","protected":false},"excerpt":{"rendered":"<p>1. Datos del responsable En cumplimiento con el deber de informaci\u00f3n recogido en el art\u00edculo 10 de la Ley 34\/2002, de 11 de julio, de Servicios de la Sociedad de la Informaci\u00f3n y del Comercio Electr\u00f3nico, se informa que el titular de este sitio web es: 2. Condiciones de uso El acceso y uso de [&hellip;]<\/p>","protected":false},"author":1,"featured_media":0,"parent":0,"menu_order":0,"comment_status":"closed","ping_status":"closed","template":"","meta":{"footnotes":""},"class_list":["post-23","page","type-page","status-publish","hentry"],"_links":{"self":[{"href":"https:\/\/henrigar.com\/en\/wp-json\/wp\/v2\/pages\/23","targetHints":{"allow":["GET"]}}],"collection":[{"href":"https:\/\/henrigar.com\/en\/wp-json\/wp\/v2\/pages"}],"about":[{"href":"https:\/\/henrigar.com\/en\/wp-json\/wp\/v2\/types\/page"}],"author":[{"embeddable":true,"href":"https:\/\/henrigar.com\/en\/wp-json\/wp\/v2\/users\/1"}],"replies":[{"embeddable":true,"href":"https:\/\/henrigar.com\/en\/wp-json\/wp\/v2\/comments?post=23"}],"version-history":[{"count":0,"href":"https:\/\/henrigar.com\/en\/wp-json\/wp\/v2\/pages\/23\/revisions"}],"wp:attachment":[{"href":"https:\/\/henrigar.com\/en\/wp-json\/wp\/v2\/media?parent=23"}],"curies":[{"name":"wp","href":"https:\/\/api.w.org\/{rel}","templated":true}]}}